{"id":386,"date":"2023-10-18T23:45:39","date_gmt":"2023-10-18T23:45:39","guid":{"rendered":"http:\/\/localhost\/?page_id=386"},"modified":"2023-10-25T18:20:54","modified_gmt":"2023-10-25T18:20:54","slug":"vision","status":"publish","type":"page","link":"https:\/\/generalairassistance.com\/index.php\/vision\/","title":{"rendered":"Visi\u00f3n"},"content":{"rendered":"\n<div class=\"container-about-page\">\n <p class=\"title-about-us\">GENERAL AIR ASSISTANCE<\/p>\n  <p style=\"position:relative; top:15px;\">Cubrir las necesidades de nuestros clientes, orientando nuestros servicios a facilitar<br>las \n     operaciones a\u00e9reas a nivel mundial.\n  <\/p>\n<br>\n  <p>\n     Nuestra visi\u00f3n se enfoca en ser la empresa l\u00edder en la industria de la aviaci\u00f3n ejecutiva y ch\u00e1rter \n     proporcionando servicios de calidad y seguridad que satisfagan las necesidades de nuestros clientes \n     y faciliten sus operaciones a\u00e9reas\n  <\/p>\n<\/div>\n\n\n\n<div class=\"container-about-subtitle\">\n <p>Estamos comprometidos a cumplir con nuestra visi\u00f3n y a seguir optando por ser los l\u00edderes en la \n    industria de la aviaci\u00f3n ejecutiva y ch\u00e1rter. Trabajamos constantemente para mejorar nuestros \n    servicios y ofrecer a nuestros clientes la mejor experiencia posible.\n <\/p>\n<\/div>\n<br>\n\n\n\n<blockquote class=\"wp-block-quote is-layout-flow wp-block-quote-is-layout-flow\">\n\n\n<p>Nuestra visi\u00f3n se basa en los siguientes principios:<\/p>\n\n\n\n<ul class=\"wp-block-list\">\n<li style=\"margin-bottom:13px !important;\"><strong>Liderazgo:<\/strong>&nbsp;Nos comprometemos a ser la empresa l\u00edder en la industria.<\/li>\n\n\n\n<li style=\"margin-bottom:13px !important;\"><strong>Calidad y seguridad:<\/strong>&nbsp;Nos comprometemos a brindar servicios de alta calidad y seguridad.<\/li>\n\n\n\n<li style=\"margin-bottom:13px !important;\"><strong>Satisfacci\u00f3n del cliente:<\/strong>&nbsp;Nos comprometemos a satisfacer las necesidades de nuestros clientes.<\/li>\n\n\n\n<li style=\"margin-bottom:13px !important;\"><strong>Facilidad de operaciones a\u00e9reas:<\/strong>&nbsp;Nos comprometemos a facilitar las operaciones a\u00e9reas de nuestros clientes.<\/li>\n<\/ul>\n<\/blockquote>\n","protected":false},"excerpt":{"rendered":"<p>GENERAL AIR ASSISTANCE Cubrir las necesidades de nuestros clientes, orientando nuestros servicios a facilitarlas operaciones a\u00e9reas a nivel mundial. Nuestra visi\u00f3n se enfoca en ser la empresa l\u00edder en la industria de la aviaci\u00f3n ejecutiva y ch\u00e1rter proporcionando servicios de calidad y seguridad que satisfagan las necesidades de nuestros clientes y faciliten sus operaciones a\u00e9reas [&hellip;]<\/p>\n","protected":false},"author":1,"featured_media":0,"parent":0,"menu_order":0,"comment_status":"closed","ping_status":"closed","template":"","meta":{"footnotes":""},"class_list":["post-386","page","type-page","status-publish","hentry"],"_links":{"self":[{"href":"https:\/\/generalairassistance.com\/index.php\/wp-json\/wp\/v2\/pages\/386","targetHints":{"allow":["GET"]}}],"collection":[{"href":"https:\/\/generalairassistance.com\/index.php\/wp-json\/wp\/v2\/pages"}],"about":[{"href":"https:\/\/generalairassistance.com\/index.php\/wp-json\/wp\/v2\/types\/page"}],"author":[{"embeddable":true,"href":"https:\/\/generalairassistance.com\/index.php\/wp-json\/wp\/v2\/users\/1"}],"replies":[{"embeddable":true,"href":"https:\/\/generalairassistance.com\/index.php\/wp-json\/wp\/v2\/comments?post=386"}],"version-history":[{"count":27,"href":"https:\/\/generalairassistance.com\/index.php\/wp-json\/wp\/v2\/pages\/386\/revisions"}],"predecessor-version":[{"id":1321,"href":"https:\/\/generalairassistance.com\/index.php\/wp-json\/wp\/v2\/pages\/386\/revisions\/1321"}],"wp:attachment":[{"href":"https:\/\/generalairassistance.com\/index.php\/wp-json\/wp\/v2\/media?parent=386"}],"curies":[{"name":"wp","href":"https:\/\/api.w.org\/{rel}","templated":true}]}}