{"id":389,"date":"2023-10-18T23:47:47","date_gmt":"2023-10-18T23:47:47","guid":{"rendered":"http:\/\/localhost\/?page_id=389"},"modified":"2023-10-25T18:19:52","modified_gmt":"2023-10-25T18:19:52","slug":"mision","status":"publish","type":"page","link":"https:\/\/generalairassistance.com\/index.php\/mision\/","title":{"rendered":"Misi\u00f3n"},"content":{"rendered":"\n<div class=\"container-about-page\">\n <p class=\"title-about-us\">GENERAL AIR ASSISTANCE<\/p>\n   <p style=\"position:relative; top:15px;\">Llegar a ser L\u00edderes en la industria a nivel de Latinoam\u00e9rica, Centroam\u00e9rica y\n      el caribe, brindando calidad y seguridad en los servicios de aviaci\u00f3n ejecutiva y\n      ch\u00e1rter a clientes locales e internacionales.\n   <\/p>\n<\/div>\n\n\n\n<div class=\"container-about-subtitle\">\n  <p>Estamos comprometidos a cumplir con nuestra misi\u00f3n y a seguir siendo l\u00edderes en la industria de la \n     aviaci\u00f3n ejecutiva y ch\u00e1rter. Trabajamos constantemente para mejorar nuestros servicios y ofrecer a \n     nuestros clientes la mejor experiencia posible.<\/p>\n<\/div>\n<br>\n\n\n\n<blockquote class=\"wp-block-quote is-layout-flow wp-block-quote-is-layout-flow\">\n<p><strong>Descripci\u00f3n<\/strong><\/p>\n\n\n\n<p>Nuestra misi\u00f3n se basa en los siguientes principios:<\/p>\n\n\n\n<ul class=\"wp-block-list\">\n<li style=\"margin-bottom:13px;\"><strong>Calidad:<\/strong>&nbsp;Nos comprometemos a brindar servicios de alta calidad, en cumplimiento de los est\u00e1ndares internacionales.<\/li>\n\n\n\n<li style=\"margin-bottom:13px;\"><strong>Seguridad:<\/strong>&nbsp;La seguridad es nuestra prioridad. Trabajamos con los m\u00e1s altos est\u00e1ndares de seguridad para garantizar el bienestar de nuestros clientes y empleados.<\/li>\n\n\n\n<li style=\"margin-bottom:13px;\"><strong>Orientaci\u00f3n al cliente:<\/strong>&nbsp;Nos enfocamos en satisfacer las necesidades de nuestros clientes, ofreci\u00e9ndoles un servicio personalizado y de excelencia.<\/li>\n<\/ul>\n<\/blockquote>\n\n\n\n<p><\/p>\n\n\n\n<p><\/p>\n","protected":false},"excerpt":{"rendered":"<p>GENERAL AIR ASSISTANCE Llegar a ser L\u00edderes en la industria a nivel de Latinoam\u00e9rica, Centroam\u00e9rica y el caribe, brindando calidad y seguridad en los servicios de aviaci\u00f3n ejecutiva y ch\u00e1rter a clientes locales e internacionales. Estamos comprometidos a cumplir con nuestra misi\u00f3n y a seguir siendo l\u00edderes en la industria de la aviaci\u00f3n ejecutiva y [&hellip;]<\/p>\n","protected":false},"author":1,"featured_media":0,"parent":0,"menu_order":0,"comment_status":"closed","ping_status":"closed","template":"","meta":{"footnotes":""},"class_list":["post-389","page","type-page","status-publish","hentry"],"_links":{"self":[{"href":"https:\/\/generalairassistance.com\/index.php\/wp-json\/wp\/v2\/pages\/389","targetHints":{"allow":["GET"]}}],"collection":[{"href":"https:\/\/generalairassistance.com\/index.php\/wp-json\/wp\/v2\/pages"}],"about":[{"href":"https:\/\/generalairassistance.com\/index.php\/wp-json\/wp\/v2\/types\/page"}],"author":[{"embeddable":true,"href":"https:\/\/generalairassistance.com\/index.php\/wp-json\/wp\/v2\/users\/1"}],"replies":[{"embeddable":true,"href":"https:\/\/generalairassistance.com\/index.php\/wp-json\/wp\/v2\/comments?post=389"}],"version-history":[{"count":31,"href":"https:\/\/generalairassistance.com\/index.php\/wp-json\/wp\/v2\/pages\/389\/revisions"}],"predecessor-version":[{"id":1317,"href":"https:\/\/generalairassistance.com\/index.php\/wp-json\/wp\/v2\/pages\/389\/revisions\/1317"}],"wp:attachment":[{"href":"https:\/\/generalairassistance.com\/index.php\/wp-json\/wp\/v2\/media?parent=389"}],"curies":[{"name":"wp","href":"https:\/\/api.w.org\/{rel}","templated":true}]}}