{"id":401,"date":"2023-10-19T00:10:52","date_gmt":"2023-10-19T00:10:52","guid":{"rendered":"http:\/\/localhost\/?page_id=401"},"modified":"2023-10-25T18:17:46","modified_gmt":"2023-10-25T18:17:46","slug":"quienes-somos","status":"publish","type":"page","link":"https:\/\/generalairassistance.com\/index.php\/quienes-somos\/","title":{"rendered":"\u00bfQuienes somos?"},"content":{"rendered":"\n<div class=\"container-about-page\">\n <p class=\"title-about-us\">GENERAL AIR ASSISTANCE<\/p>\n <p style=\"position:relative; top:17px;\"> Somos una empresa de servicios y soporte de vuelo que brinda a nuestros clientes una experiencia de \n     vuelo segura, confiable y eficiente. Operamos en Latinoam\u00e9rica, Centroam\u00e9rica y el Caribe, y \n     contamos con una amplia gama de servicios.<\/p>\n<\/div>\n\n\n\n<div class=\"container-about-subtitle\">\n<p>La empresa est\u00e1 comprometida a proporcionar a sus clientes diversos servicios de calidad superior, que cumplen con los m\u00e1s altos est\u00e1ndares de seguridad. Para ello, cuenta con un equipo de profesionales experimentados y cualificados, as\u00ed como una amplia red de proveedores locales e internacionales.<\/p><\/div> <br>\n\n\n\n<blockquote class=\"wp-block-quote is-layout-flow wp-block-quote-is-layout-flow\">\n<p><strong>\u00bfQu\u00e9 hacemos?<\/strong><\/p>\n\n\n\n<p>Ofrecemos una amplia gama de servicios de aviaci\u00f3n ejecutiva y ch\u00e1rter, incluyendo:<\/p>\n\n\n\n<ul class=\"wp-block-list\">\n<li><strong>Asistencia en Tierra<\/strong>.<\/li>\n\n\n\n<li><strong>Alojamiento en Hotel<\/strong>.<\/li>\n\n\n\n<li><strong>Servicios de mantenimiento y reparaci\u00f3n<\/strong>.<\/li>\n\n\n\n<li><strong>Transporte<\/strong>.<\/li>\n\n\n\n<li><strong>Servicio de Catering<\/strong>.<\/li>\n<\/ul>\n<\/blockquote>\n\n\n\n\n\n<p><\/p>\n\n\n\n<p><\/p>\n","protected":false},"excerpt":{"rendered":"<p>GENERAL AIR ASSISTANCE Somos una empresa de servicios y soporte de vuelo que brinda a nuestros clientes una experiencia de vuelo segura, confiable y eficiente. Operamos en Latinoam\u00e9rica, Centroam\u00e9rica y el Caribe, y contamos con una amplia gama de servicios. La empresa est\u00e1 comprometida a proporcionar a sus clientes diversos servicios de calidad superior, que [&hellip;]<\/p>\n","protected":false},"author":1,"featured_media":0,"parent":0,"menu_order":0,"comment_status":"closed","ping_status":"closed","template":"","meta":{"footnotes":""},"class_list":["post-401","page","type-page","status-publish","hentry"],"_links":{"self":[{"href":"https:\/\/generalairassistance.com\/index.php\/wp-json\/wp\/v2\/pages\/401","targetHints":{"allow":["GET"]}}],"collection":[{"href":"https:\/\/generalairassistance.com\/index.php\/wp-json\/wp\/v2\/pages"}],"about":[{"href":"https:\/\/generalairassistance.com\/index.php\/wp-json\/wp\/v2\/types\/page"}],"author":[{"embeddable":true,"href":"https:\/\/generalairassistance.com\/index.php\/wp-json\/wp\/v2\/users\/1"}],"replies":[{"embeddable":true,"href":"https:\/\/generalairassistance.com\/index.php\/wp-json\/wp\/v2\/comments?post=401"}],"version-history":[{"count":35,"href":"https:\/\/generalairassistance.com\/index.php\/wp-json\/wp\/v2\/pages\/401\/revisions"}],"predecessor-version":[{"id":1311,"href":"https:\/\/generalairassistance.com\/index.php\/wp-json\/wp\/v2\/pages\/401\/revisions\/1311"}],"wp:attachment":[{"href":"https:\/\/generalairassistance.com\/index.php\/wp-json\/wp\/v2\/media?parent=401"}],"curies":[{"name":"wp","href":"https:\/\/api.w.org\/{rel}","templated":true}]}}