{"id":403,"date":"2023-10-19T00:12:08","date_gmt":"2023-10-19T00:12:08","guid":{"rendered":"http:\/\/localhost\/?page_id=403"},"modified":"2023-10-25T18:18:32","modified_gmt":"2023-10-25T18:18:32","slug":"asistencia-en-tierra","status":"publish","type":"page","link":"https:\/\/generalairassistance.com\/index.php\/asistencia-en-tierra\/","title":{"rendered":"Asistencia en tierra"},"content":{"rendered":"\n<div class=\"container-about-page\">\n <p class=\"title-about-us\">GENERAL AIR ASSISTANCE<\/p>\n <p style=\"position:relative; top:17px;\"> Contamos con un centro de operaciones 24\/7, el personal cualificado se encargar\u00e1 de coordinar directamente con las autoridades locales la \n       permisolog\u00eda necesaria en materia  aeron\u00e1utica, migratoria y \n       aduanera, para confirmar los servicios de asistencia en tierra \n       necesarios de la atenci\u00f3n de la aeronave.\n   <\/p>\n   <br>\n   <p> Disponemos de una amplia red de proveedores locales, los cuales est\u00e1n \n       certificados antes la autoridad local de cada pa\u00eds y brindar los \n       servicios adecuadamente con altos est\u00e1ndares de calidad y seguridad. \n<\/div>\n<br>\n\n\n\n<blockquote class=\"wp-block-quote is-layout-flow wp-block-quote-is-layout-flow\">\n<p>&#8220;Nuestros servicios se ofrecen en todo el mundo y est\u00e1n respaldados por    una red de proveedores locales certificados. Nuestra experiencia y trayectoria nos convierten en el socio ideal para sus necesidades de asistencia en tierra&#8221;.<\/p>\n<\/blockquote>\n","protected":false},"excerpt":{"rendered":"<p>GENERAL AIR ASSISTANCE Contamos con un centro de operaciones 24\/7, el personal cualificado se encargar\u00e1 de coordinar directamente con las autoridades locales la permisolog\u00eda necesaria en materia aeron\u00e1utica, migratoria y aduanera, para confirmar los servicios de asistencia en tierra necesarios de la atenci\u00f3n de la aeronave. Disponemos de una amplia red de proveedores locales, los [&hellip;]<\/p>\n","protected":false},"author":1,"featured_media":0,"parent":0,"menu_order":0,"comment_status":"closed","ping_status":"closed","template":"","meta":{"footnotes":""},"class_list":["post-403","page","type-page","status-publish","hentry"],"_links":{"self":[{"href":"https:\/\/generalairassistance.com\/index.php\/wp-json\/wp\/v2\/pages\/403","targetHints":{"allow":["GET"]}}],"collection":[{"href":"https:\/\/generalairassistance.com\/index.php\/wp-json\/wp\/v2\/pages"}],"about":[{"href":"https:\/\/generalairassistance.com\/index.php\/wp-json\/wp\/v2\/types\/page"}],"author":[{"embeddable":true,"href":"https:\/\/generalairassistance.com\/index.php\/wp-json\/wp\/v2\/users\/1"}],"replies":[{"embeddable":true,"href":"https:\/\/generalairassistance.com\/index.php\/wp-json\/wp\/v2\/comments?post=403"}],"version-history":[{"count":17,"href":"https:\/\/generalairassistance.com\/index.php\/wp-json\/wp\/v2\/pages\/403\/revisions"}],"predecessor-version":[{"id":1313,"href":"https:\/\/generalairassistance.com\/index.php\/wp-json\/wp\/v2\/pages\/403\/revisions\/1313"}],"wp:attachment":[{"href":"https:\/\/generalairassistance.com\/index.php\/wp-json\/wp\/v2\/media?parent=403"}],"curies":[{"name":"wp","href":"https:\/\/api.w.org\/{rel}","templated":true}]}}