{"id":407,"date":"2023-10-19T00:14:23","date_gmt":"2023-10-19T00:14:23","guid":{"rendered":"http:\/\/localhost\/?page_id=407"},"modified":"2023-10-25T18:20:18","modified_gmt":"2023-10-25T18:20:18","slug":"soporte-de-vuelo","status":"publish","type":"page","link":"https:\/\/generalairassistance.com\/index.php\/soporte-de-vuelo\/","title":{"rendered":"Soporte de vuelo"},"content":{"rendered":"\n<div class=\"container-about-page\">\n <p class=\"title-about-us\">GENERAL AIR ASSISTANCE<\/p>\n<blockquote style=\"position:relative; top:17px;> \n <p>Entre las opciones que disponemos se encuentran las siguientes:<\/p>\n  <ul style=\"font-weight:bolder;\">\n    <li>Permisos de Aterrizaje y Sobrevuelos.<\/li> \n    <li>Planes de Vuelo.<\/li> \n    <li>EAPIS.<\/li> \n    <li>Combustible.<\/li>  \n  <\/ul> \n <\/blockquote>\n<\/div>\n\n\n\n<style scoped> \n .space-li{\n  margin-bottom: 13px; !important;\n}\n<\/style>\n\n<div class=\"container-about-page\">\n<br>\n<blockquote> \n<p><strong>Descripci\u00f3n<\/strong><\/p>\n <p>Nuestros servicios est\u00e1n dise\u00f1ados para simplificar y optimizar sus operaciones a\u00e9reas.<\/p>\n  <ul>\n    <li class=\"space-li\"><strong>Permisos de Aterrizaje y Sobrevuelos:<\/strong> Contamos con un experimentado\n        equipo dedicado exclusivamente a la tramitaci\u00f3n de Permisos de aterrizaje y\n        Sobrevuelos.<\/li> \n    <li class=\"space-li\"><strong>Planes de Vuelo:<\/strong> Disponemos con la \u00faltima tecnolog\u00eda para la emisi\u00f3n de\n        planes de vuelos computarizados, buscaremos la mejor ruta para su operaci\u00f3n\n        tomando en cuenta factores como meteorolog\u00eda, restricciones en ruta, notams,\n        FIR.<\/li> \n    <li class=\"space-li\"><strong>EAPIS:<\/strong> Varios pa\u00edses de la regi\u00f3n solicita un EAPIS computarizado, que\n        debe ser enviado con antelaci\u00f3n para la revisi\u00f3n de las autoridades locales.\n        Tenemos experiencia en el correcto llenado de las mismas para evitar demoras\n        e inconvenientes con las autoridades al momento de su arribo. .<\/li> \n    <li class=\"space-li\"><strong>Combustible:<\/strong> Actualmente los precios de combustibles fluct\u00faan de manera\n        casi diaria, es por ello que tenemos una amplia red de proveedores locales e\n        internacionales, con los cuales buscaremos el mejor precio y de esta manera\n        adecuarlo a sus necesidades. <\/li>  \n  <\/ul> \n <\/blockquote>\n<\/div>\n","protected":false},"excerpt":{"rendered":"<p>GENERAL AIR ASSISTANCE<\/p>\n","protected":false},"author":1,"featured_media":0,"parent":0,"menu_order":0,"comment_status":"closed","ping_status":"closed","template":"","meta":{"footnotes":""},"class_list":["post-407","page","type-page","status-publish","hentry"],"_links":{"self":[{"href":"https:\/\/generalairassistance.com\/index.php\/wp-json\/wp\/v2\/pages\/407","targetHints":{"allow":["GET"]}}],"collection":[{"href":"https:\/\/generalairassistance.com\/index.php\/wp-json\/wp\/v2\/pages"}],"about":[{"href":"https:\/\/generalairassistance.com\/index.php\/wp-json\/wp\/v2\/types\/page"}],"author":[{"embeddable":true,"href":"https:\/\/generalairassistance.com\/index.php\/wp-json\/wp\/v2\/users\/1"}],"replies":[{"embeddable":true,"href":"https:\/\/generalairassistance.com\/index.php\/wp-json\/wp\/v2\/comments?post=407"}],"version-history":[{"count":41,"href":"https:\/\/generalairassistance.com\/index.php\/wp-json\/wp\/v2\/pages\/407\/revisions"}],"predecessor-version":[{"id":1319,"href":"https:\/\/generalairassistance.com\/index.php\/wp-json\/wp\/v2\/pages\/407\/revisions\/1319"}],"wp:attachment":[{"href":"https:\/\/generalairassistance.com\/index.php\/wp-json\/wp\/v2\/media?parent=407"}],"curies":[{"name":"wp","href":"https:\/\/api.w.org\/{rel}","templated":true}]}}