{"id":413,"date":"2023-10-19T00:16:19","date_gmt":"2023-10-19T00:16:19","guid":{"rendered":"http:\/\/localhost\/?page_id=413"},"modified":"2023-11-05T03:30:15","modified_gmt":"2023-11-05T03:30:15","slug":"clientes","status":"publish","type":"page","link":"https:\/\/generalairassistance.com\/index.php\/clientes\/","title":{"rendered":"Clientes"},"content":{"rendered":"\n<div class=\"container-about-page\">\n <p class=\"title-about-us\">GENERAL AIR ASSISTANCE<\/p>\n <p style=\"position:relative; top:17px;\">Nuestro equipo est\u00e1 formado por profesionales experimentados que est\u00e1n comprometidos a ofrecer un servicio de excelencia a todos nuestros clientes. Estamos orgullosos de ser el proveedor de servicios de aviaci\u00f3n ejecutiva y ch\u00e1rter de confianza para una amplia gama de clientes. <\/p>\n<br>\n<p>\nNuestra empresa trabaja con una amplia gama de clientes, tanto corporativos como individuales.<\/p><\/div> <br>\n\n\n\n<blockquote class=\"wp-block-quote is-layout-flow wp-block-quote-is-layout-flow\">\n<p>Ofrecemos servicios de aviaci\u00f3n ejecutiva y ch\u00e1rter a empresas de todos los tama\u00f1os, desde peque\u00f1as empresas hasta grandes corporaciones. Nuestros clientes corporativos incluyen:<\/p>\n\n\n\n<ul class=\"wp-block-list\">\n<li style=\"margin-bottom:13px;\"><strong>Empresas multinacionales:<\/strong>&nbsp;Estas empresas utilizan la aviaci\u00f3n ejecutiva para transportar a sus ejecutivos y empleados a sus destinos de negocios.<\/li>\n\n\n\n<li style=\"margin-bottom:13px;\"><strong>Empresas locales:<\/strong>&nbsp;Estas empresas utilizan la aviaci\u00f3n ejecutiva para transportar a sus empleados a sus lugares de trabajo o a eventos fuera de la ciudad.<\/li>\n\n\n\n<li style=\"margin-bottom:13px;\"><strong>Empresas de servicios:<\/strong>&nbsp;Estas empresas utilizan la aviaci\u00f3n ejecutiva para transportar equipos y suministros a sus clientes.<\/li>\n<\/ul>\n<\/blockquote>\n\n\n\n<p><\/p>\n\n\n\n<style>\n.container .row {\n  display: flex;\n  flex-direction: row;\n}\n\n@media(max-width:768px) {\n   .container .row p{\n      display:none;\n   }\n   .size-img {\n     width: 300px !important;\n   \n   }\n}\n<\/style>\n\n\n\n<br>\n<br>\n<h5 style=\"margin-top:15px; color:#7E7E7E; padding-bottom:16px;\"><strong>Nuestros clientes<\/strong><\/h5>\n<br>\n<blockquote>\n<br><div class=\"container\">\n  <ul style=\"list-style-type: none; margin:10px; position:relative; left: 0; right:50px;\">\n    <li class=\"row\" style=\"flex-basis: 100%; margin-bottom: 10px;\">\n       <p><strong>Searca<\/strong><\/p> &nbsp; &nbsp; &nbsp;  \n      <figure class=\"wp-block-image is-resized\">\n<a\n  href=\"https:\/\/searca.com.co\/en\/home\/\"\n    target=\"_blank\"\n    alt=\"Searca\"\n    title=\"Ir a searca\"\nstyle=\"cursor:pointer;\"\n>\n        <img decoding=\"async\" src=\"http:\/\/www.generalairassistance.com\/wp-content\/uploads\/2023\/10\/searca.png\" alt=\" Helidosa Aviation Group \" class=\"size-img wp-image-550\" style=\"aspect-ratio:3.721311475409836;width:150px;height:auto; background-color:black; border-radius:5px;\"> \n<\/a>\n <\/figure> &nbsp; &nbsp; &nbsp;\n      <p><strong>Helistar<\/strong><\/p>&nbsp; &nbsp; &nbsp;\n      <figure class=\"wp-block-image is-resized\">\n<a\n  href=\"https:\/\/helistaraviacion.com\/\"\n    target=\"_blank\"\n    alt=\"Searca\"\n    title=\"Ir a searca\"\nstyle=\"cursor:pointer;\"\n>\n        <img decoding=\"async\" style=\"background-color:gray; border-radius:5px;\" src=\"http:\/\/www.generalairassistance.com\/wp-content\/uploads\/2023\/10\/logo2-1.webp\" alt=\" Welistar \" class=\"size-img wp-image-550\" style=\"aspect-ratio:3.721311475409836;width:150px;height:auto\">\n      <\/a>\n      <\/figure>\n    <\/li>\n  <\/ul>\n<\/div>\n<\/blockquote>\n\n\n\n<style>\n.container p {\n  white-space: nowrap;\n}\n<\/style>\n<blockquote>\n<br><div class=\"container\">\n  <ul style=\"list-style-type: none; margin:10px;\">\n    <li class=\"row\" style=\"flex-basis: 100%; margin-bottom: 10px;\">\n     <p><strong>Helidosa Aviation<\/strong><\/p> &nbsp; &nbsp;  \n      <figure class=\"wp-block-image is-resized\">\n<a\n  href=\"https:\/\/www.helidosa.com\/es\/\"\n    target=\"_blank\"\n    alt=\"Searca\"\n    title=\"Ir a searca\"\nstyle=\"cursor:pointer;\"\n>\n        <img loading=\"lazy\" decoding=\"async\" width=\"227\" height=\"61\" src=\"http:\/\/www.generalairassistance.com\/wp-content\/uploads\/2023\/10\/logo1.png\" alt=\" Helidosa Aviation Group \" class=\"size-img wp-image-550\" style=\"aspect-ratio:3.721311475409836;width:200px;height:auto;\">\n <\/a>\n      <\/figure>&nbsp; &nbsp; &nbsp; &nbsp;  &nbsp; \n      <p><strong>Servicios A\u00e9reos A&#038;H<\/strong><\/p>&nbsp; &nbsp; \n      <figure class=\"wp-block-image is-resized\" style=\"aspect-ratio:3.721311475409836;width:150px;height:auto\">\n<a\n  href=\"https:\/\/www.avcodes.co.uk\/details.asp?ID=29867\"\n    target=\"_blank\"\n    alt=\"Searca\"\n    title=\"Ir a searca\"\nstyle=\"cursor:pointer;\"\n>\n        <img decoding=\"async\" style=\"background-color:transparent; border-radius:50px; width:150px !important; height:auto; position:relative; bottom:20px; right:10px;\" src=\"http:\/\/www.generalairassistance.com\/wp-content\/uploads\/2023\/10\/WhatsApp_Image_2023-10-20_at_10.54.15_AM__1_-removebg.png\" alt=\"\" class=\"size-img wp-image-0\">\n    <\/a>\n      <\/figure>\n    <\/li>\n  <\/ul>\n<\/div>\n<\/blockquote>\n\n\n\n<figure class=\"wp-block-image size-full\"><img loading=\"lazy\" decoding=\"async\" width=\"274\" height=\"98\" src=\"http:\/\/localhost\/wp-content\/uploads\/2023\/10\/searca.png\" alt=\"\" class=\"wp-image-632\"\/><\/figure>\n","protected":false},"excerpt":{"rendered":"<p>GENERAL AIR ASSISTANCE Nuestro equipo est\u00e1 formado por profesionales experimentados que est\u00e1n comprometidos a ofrecer un servicio de excelencia a todos nuestros clientes. Estamos orgullosos de ser el proveedor de servicios de aviaci\u00f3n ejecutiva y ch\u00e1rter de confianza para una amplia gama de clientes. Nuestra empresa trabaja con una amplia gama de clientes, tanto corporativos [&hellip;]<\/p>\n","protected":false},"author":1,"featured_media":0,"parent":0,"menu_order":0,"comment_status":"closed","ping_status":"closed","template":"","meta":{"footnotes":""},"class_list":["post-413","page","type-page","status-publish","hentry"],"_links":{"self":[{"href":"https:\/\/generalairassistance.com\/index.php\/wp-json\/wp\/v2\/pages\/413","targetHints":{"allow":["GET"]}}],"collection":[{"href":"https:\/\/generalairassistance.com\/index.php\/wp-json\/wp\/v2\/pages"}],"about":[{"href":"https:\/\/generalairassistance.com\/index.php\/wp-json\/wp\/v2\/types\/page"}],"author":[{"embeddable":true,"href":"https:\/\/generalairassistance.com\/index.php\/wp-json\/wp\/v2\/users\/1"}],"replies":[{"embeddable":true,"href":"https:\/\/generalairassistance.com\/index.php\/wp-json\/wp\/v2\/comments?post=413"}],"version-history":[{"count":259,"href":"https:\/\/generalairassistance.com\/index.php\/wp-json\/wp\/v2\/pages\/413\/revisions"}],"predecessor-version":[{"id":2039,"href":"https:\/\/generalairassistance.com\/index.php\/wp-json\/wp\/v2\/pages\/413\/revisions\/2039"}],"wp:attachment":[{"href":"https:\/\/generalairassistance.com\/index.php\/wp-json\/wp\/v2\/media?parent=413"}],"curies":[{"name":"wp","href":"https:\/\/api.w.org\/{rel}","templated":true}]}}